{"id":67444,"date":"2026-04-28T08:22:04","date_gmt":"2026-04-28T13:22:04","guid":{"rendered":"https:\/\/www.ccdallas.org\/?page_id=67444"},"modified":"2026-04-28T08:22:04","modified_gmt":"2026-04-28T13:22:04","slug":"personas-sin-hogar-y-servicios-de-vivienda","status":"publish","type":"page","link":"https:\/\/www.ccdallas.org\/es\/personas-sin-hogar-y-servicios-de-vivienda\/","title":{"rendered":"Personas sin Hogar y Servicios de Vivienda"},"content":{"rendered":"<p><div class=\"fusion-fullwidth fullwidth-box fusion-builder-row-1 fusion-flex-container has-pattern-background has-mask-background fusion-parallax-none nonhundred-percent-fullwidth non-hundred-percent-height-scrolling lazyload\" style=\"--awb-background-blend-mode:multiply;--awb-border-radius-top-left:0px;--awb-border-radius-top-right:0px;--awb-border-radius-bottom-right:0px;--awb-border-radius-bottom-left:0px;--awb-padding-top:68px;--awb-padding-bottom:88px;--awb-background-color:rgba(0,0,0,0.22);--awb-background-size:cover;--awb-flex-wrap:wrap;\" data-bg=\"https:\/\/www.ccdallas.org\/wp-content\/uploads\/2020\/11\/0G1A2036_edited.jpg\" ><div class=\"fusion-builder-row fusion-row fusion-flex-align-items-center fusion-flex-justify-content-center fusion-flex-content-wrap\" style=\"max-width:1248px;margin-left: calc(-4% \/ 2 );margin-right: calc(-4% \/ 2 );\"><div class=\"fusion-layout-column fusion_builder_column fusion-builder-column-0 fusion_builder_column_3_4 3_4 fusion-flex-column\" style=\"--awb-bg-size:cover;--awb-width-large:75%;--awb-margin-top-large:0px;--awb-spacing-right-large:2.56%;--awb-margin-bottom-large:20px;--awb-spacing-left-large:2.56%;--awb-width-medium:100%;--awb-order-medium:0;--awb-spacing-right-medium:1.92%;--awb-spacing-left-medium:1.92%;--awb-width-small:100%;--awb-order-small:0;--awb-spacing-right-small:1.92%;--awb-spacing-left-small:1.92%;\"><div class=\"fusion-column-wrapper fusion-column-has-shadow fusion-flex-justify-content-flex-start fusion-content-layout-column\"><i class=\"fb-icon-element-1 fb-icon-element fontawesome-icon icon-new-ccd-iconsapartment circle-no\" style=\"--awb-font-size:41px;--awb-align-self:center;--awb-margin-top:0px;--awb-margin-right:0px;--awb-margin-bottom:1%;--awb-margin-left:0px;\"><\/i><div class=\"fusion-text fusion-text-1 fusion-text-no-margin\" style=\"--awb-content-alignment:center;--awb-text-color:var(--awb-color1);--awb-margin-bottom:0px;\"><p>Personas sin Hogar y Vivienda<\/p>\n<\/div><div class=\"fusion-title title fusion-title-1 fusion-sep-none fusion-title-center fusion-title-text fusion-title-size-one\" style=\"--awb-text-color:#ffffff;--awb-margin-bottom:3%;--awb-margin-top-small:10px;--awb-margin-right-small:0px;--awb-margin-bottom-small:10px;--awb-margin-left-small:0px;\"><h1 class=\"fusion-title-heading title-heading-center fusion-responsive-typography-calculated\" style=\"margin:0;--fontSize:50;line-height:1.2;\"><span style=\"color: #ffffff;\">De la Falta de Vivienda a la Estabilidad<\/span><\/h1><\/div><div class=\"fusion-text fusion-text-2\" style=\"--awb-content-alignment:center;--awb-text-color:var(--awb-color1);\"><p>Trabajamos con Catholic Housing, Housing Forward y otros socios comunitarios para proporcionar vivienda permanente y de apoyo a personas anteriormente sin hogar en St. Jude Forest Lane, St. Jude Park Central y St. Jude Vantage Point.<\/p>\n<\/div><\/div><\/div><\/div><\/div><div class=\"fusion-fullwidth fullwidth-box fusion-builder-row-2 fusion-flex-container has-pattern-background has-mask-background nonhundred-percent-fullwidth non-hundred-percent-height-scrolling fusion-animated\" style=\"--awb-border-radius-top-left:0px;--awb-border-radius-top-right:0px;--awb-border-radius-bottom-right:0px;--awb-border-radius-bottom-left:0px;--awb-padding-top:55px;--awb-padding-bottom:22px;--awb-flex-wrap:wrap;\" data-animationType=\"fadeInUp\" data-animationDuration=\"1.0\" data-animationOffset=\"top-into-view\" ><div class=\"fusion-builder-row fusion-row fusion-flex-align-items-flex-start fusion-flex-justify-content-center fusion-flex-content-wrap\" style=\"max-width:1248px;margin-left: calc(-4% \/ 2 );margin-right: calc(-4% \/ 2 );\"><div class=\"fusion-layout-column fusion_builder_column fusion-builder-column-1 fusion_builder_column_1_2 1_2 fusion-flex-column fusion-flex-align-self-stretch\" style=\"--awb-bg-size:cover;--awb-width-large:50%;--awb-margin-top-large:0px;--awb-spacing-right-large:4.224%;--awb-margin-bottom-large:20px;--awb-spacing-left-large:3.264%;--awb-width-medium:100%;--awb-order-medium:0;--awb-spacing-right-medium:1.92%;--awb-spacing-left-medium:1.92%;--awb-width-small:100%;--awb-order-small:0;--awb-spacing-right-small:1.92%;--awb-spacing-left-small:1.92%;\"><div class=\"fusion-column-wrapper fusion-column-has-shadow fusion-flex-justify-content-flex-start fusion-content-layout-column\"><div class=\"fusion-title title fusion-title-2 fusion-sep-none fusion-title-text fusion-title-size-three\" style=\"--awb-margin-top-small:10px;--awb-margin-right-small:0px;--awb-margin-bottom-small:10px;--awb-margin-left-small:0px;--awb-font-size:38px;\"><h3 class=\"fusion-title-heading title-heading-left fusion-responsive-typography-calculated\" style=\"margin:0;font-size:1em;--fontSize:38;line-height:1.3;\">Centros St. Jude<\/h3><\/div><div class=\"fusion-text fusion-text-3\"><p>Nuestros Centros St. Jude brindan vivienda permanente y de apoyo a personas anteriormente sin hogar.<\/p>\n<p>Nos esforzamos por servir a una poblaci\u00f3n diversa que est\u00e9 dispuesta a vivir conforme a las normas y protocolos de seguridad del complejo, fomentando la comunidad y la promoci\u00f3n colaborativa del bienestar y crecimiento de todos los residentes.<\/p>\n<\/div><div style=\"text-align:left;\"><a class=\"fusion-button button-flat fusion-button-default-size button-orange fusion-button-orange button-1 fusion-button-default-span fusion-button-default-type\" target=\"_self\" href=\"https:\/\/www.ccdallas.org\/es\/centros-st-jude\/\"><span class=\"fusion-button-text awb-button__text awb-button__text--default\">M\u00e1s Informaci\u00f3n<\/span><\/a><\/div><\/div><\/div><div class=\"fusion-layout-column fusion_builder_column fusion-builder-column-2 fusion_builder_column_1_2 1_2 fusion-flex-column fusion-flex-align-self-stretch\" style=\"--awb-padding-top-medium:26px;--awb-bg-size:cover;--awb-width-large:50%;--awb-margin-top-large:0px;--awb-spacing-right-large:3.456%;--awb-margin-bottom-large:0px;--awb-spacing-left-large:4.8%;--awb-width-medium:100%;--awb-order-medium:0;--awb-spacing-right-medium:1.92%;--awb-spacing-left-medium:1.92%;--awb-width-small:100%;--awb-order-small:0;--awb-spacing-right-small:1.92%;--awb-spacing-left-small:1.92%;\"><div class=\"fusion-column-wrapper fusion-column-has-shadow fusion-flex-justify-content-flex-start fusion-content-layout-column\"><div class=\"fusion-title title fusion-title-3 fusion-sep-none fusion-title-text fusion-title-size-three\" style=\"--awb-margin-top-small:10px;--awb-margin-right-small:0px;--awb-margin-bottom-small:10px;--awb-margin-left-small:0px;--awb-font-size:38px;\"><h3 class=\"fusion-title-heading title-heading-left fusion-responsive-typography-calculated\" style=\"margin:0;font-size:1em;--fontSize:38;line-height:1.3;\">Programas de Vivienda en M\u00faltiples Sitios<\/h3><\/div><div class=\"fusion-text fusion-text-4\"><p>Nuestro equipo trabaja para ubicar a personas en vivienda y brindar manejo de casos a clientes a trav\u00e9s de programas de Reubicaci\u00f3n R\u00e1pida (Rapid Rehousing), as\u00ed como manejo de casos para clientes que participan en programas de Vales de Vivienda de Emergencia.<\/p>\n<p>Trabajamos para ofrecer apoyo, recursos y estabilidad a personas que recientemente han sido alojadas.<\/p>\n<\/div><div style=\"text-align:left;\"><a class=\"fusion-button button-flat fusion-button-default-size button-orange fusion-button-orange button-2 fusion-button-default-span fusion-button-default-type\" target=\"_self\" href=\"https:\/\/www.ccdallas.org\/es\/personas-sin-hogar-y-vivienda-drtrr\/\"><span class=\"fusion-button-text awb-button__text awb-button__text--default\">M\u00e1s Informaci\u00f3n<\/span><\/a><\/div><\/div><\/div><div class=\"fusion-layout-column fusion_builder_column fusion-builder-column-3 fusion_builder_column_2_3 2_3 fusion-flex-column fusion-flex-align-self-stretch\" style=\"--awb-padding-top-medium:26px;--awb-bg-size:cover;--awb-width-large:66.6666666667%;--awb-margin-top-large:26px;--awb-spacing-right-large:2.592%;--awb-margin-bottom-large:0px;--awb-spacing-left-large:3.6%;--awb-width-medium:100%;--awb-order-medium:0;--awb-spacing-right-medium:1.92%;--awb-spacing-left-medium:1.92%;--awb-width-small:100%;--awb-order-small:0;--awb-spacing-right-small:1.92%;--awb-spacing-left-small:1.92%;\"><div class=\"fusion-column-wrapper fusion-column-has-shadow fusion-flex-justify-content-flex-start fusion-content-layout-column\"><div class=\"fusion-title title fusion-title-4 fusion-sep-none fusion-title-text fusion-title-size-three\" style=\"--awb-margin-top-small:10px;--awb-margin-right-small:0px;--awb-margin-bottom-small:10px;--awb-margin-left-small:0px;--awb-font-size:38px;\"><h3 class=\"fusion-title-heading title-heading-left fusion-responsive-typography-calculated\" style=\"margin:0;font-size:1em;--fontSize:38;line-height:1.3;\"><div style=\"text-align: center;\"><span style=\"font-size: 1em; background-color: rgba(0, 0, 0, 0);\">City Walk @ Akard<\/span><\/div><\/h3><\/div><div class=\"fusion-text fusion-text-5\"><p style=\"text-align: center;\">City Walk at Akard ofrece vivienda asequible y de alta calidad a una poblaci\u00f3n diversa de residentes en el centro de Dallas.<\/p>\n<p style=\"text-align: center;\">Nos esforzamos por crear una comunidad segura y bien mantenida que promueva el bienestar y la estabilidad de los residentes, con f\u00e1cil acceso a servicios esenciales de la ciudad y al transporte p\u00fablico.<\/p>\n<\/div><div style=\"text-align:center;\"><a class=\"fusion-button button-flat fusion-button-default-size button-orange fusion-button-orange button-3 fusion-button-default-span fusion-button-default-type\" target=\"_self\" href=\"https:\/\/www.ccdallas.org\/es\/city-walk-at-akard\"><span class=\"fusion-button-text awb-button__text awb-button__text--default\">M\u00e1s Informaci\u00f3n<\/span><\/a><\/div><\/div><\/div><div class=\"fusion-layout-column fusion_builder_column fusion-builder-column-4 fusion_builder_column_1_1 1_1 fusion-flex-column\" style=\"--awb-bg-size:cover;--awb-width-large:100%;--awb-margin-top-large:0px;--awb-spacing-right-large:1.92%;--awb-margin-bottom-large:20px;--awb-spacing-left-large:1.92%;--awb-width-medium:100%;--awb-order-medium:0;--awb-spacing-right-medium:1.92%;--awb-spacing-left-medium:1.92%;--awb-width-small:100%;--awb-order-small:0;--awb-spacing-right-small:1.92%;--awb-spacing-left-small:1.92%;\"><div class=\"fusion-column-wrapper fusion-column-has-shadow fusion-flex-justify-content-flex-start fusion-content-layout-column\"><div class=\"fusion-separator fusion-full-width-sep\" style=\"align-self: center;margin-left: auto;margin-right: auto;margin-top:50px;margin-bottom:5px;width:100%;\"><div class=\"fusion-separator-border sep-single sep-solid\" style=\"--awb-height:20px;--awb-amount:20px;border-color:#e2e2e2;border-top-width:1px;\"><\/div><\/div><\/div><\/div><div class=\"fusion-layout-column fusion_builder_column fusion-builder-column-5 fusion_builder_column_3_4 3_4 fusion-flex-column\" style=\"--awb-bg-size:cover;--awb-width-large:75%;--awb-margin-top-large:26px;--awb-spacing-right-large:2.56%;--awb-margin-bottom-large:20px;--awb-spacing-left-large:2.56%;--awb-width-medium:100%;--awb-order-medium:0;--awb-spacing-right-medium:1.92%;--awb-spacing-left-medium:1.92%;--awb-width-small:100%;--awb-order-small:0;--awb-spacing-right-small:1.92%;--awb-spacing-left-small:1.92%;\"><div class=\"fusion-column-wrapper fusion-column-has-shadow fusion-flex-justify-content-flex-start fusion-content-layout-column\"><div class=\"fusion-title title fusion-title-5 fusion-sep-none fusion-title-center fusion-title-text fusion-title-size-three\" style=\"--awb-margin-top-small:10px;--awb-margin-right-small:0px;--awb-margin-bottom-small:10px;--awb-margin-left-small:0px;--awb-font-size:38px;\"><h3 class=\"fusion-title-heading title-heading-center fusion-responsive-typography-calculated\" style=\"margin:0;font-size:1em;--fontSize:38;line-height:1.3;\">Elegibilidad<\/h3><\/div><div class=\"fusion-text fusion-text-6\"><p>Caridades Cat\u00f3licas de Dallas depende del Sistema de Acceso Coordinado, administrado por Housing Forward, para garantizar que las personas m\u00e1s vulnerables y en situaci\u00f3n de mayor desventaja sean evaluadas y seleccionadas. Nuestros programas no aceptan referencias externas, solicitudes directas de residencia, llamadas telef\u00f3nicas ni visitas sin cita (walk\u2011ins).<\/p>\n<p>Los Centros St. Jude \u00fanicamente aceptan referencias directas de agencias de servicios sociales o de Housing Forward.<\/p>\n<p>El cliente debe estar trabajando con una agencia de servicios sociales, estar documentado como persona sin hogar en la lista de prioridad de vivienda de Housing Forward y aprobar una verificaci\u00f3n de antecedentes antes de ser aceptado como residente de un Centro St. Jude.<\/p>\n<p>Adem\u00e1s, la agencia que realiza la referencia debe proporcionar manejo de casos y asegurar el subsidio (a trav\u00e9s de subvenciones o vales) para cada residente referido a un Centro St. Jude.<\/p>\n<\/div><\/div><\/div><\/div><\/div><\/p>\n","protected":false},"excerpt":{"rendered":"","protected":false},"author":903,"featured_media":0,"parent":0,"menu_order":0,"comment_status":"closed","ping_status":"closed","template":"100-width.php","meta":{"_acf_changed":false,"content-type":"","_price":"","_stock":"","_tribe_ticket_header":"","_tribe_default_ticket_provider":"","_tribe_ticket_capacity":"0","_ticket_start_date":"","_ticket_end_date":"","_tribe_ticket_show_description":"","_tribe_ticket_show_not_going":false,"_tribe_ticket_use_global_stock":"","_tribe_ticket_global_stock_level":"","_global_stock_mode":"","_global_stock_cap":"","_tribe_rsvp_for_event":"","_tribe_ticket_going_count":"","_tribe_ticket_not_going_count":"","_tribe_tickets_list":"[]","_tribe_ticket_has_attendee_info_fields":false,"footnotes":"","_tec_slr_enabled":"","_tec_slr_layout":""},"locations":[],"class_list":["post-67444","page","type-page","status-publish","hentry"],"acf":[],"yoast_head":"<!-- This site is optimized with the Yoast SEO plugin v27.5 - https:\/\/yoast.com\/product\/yoast-seo-wordpress\/ -->\n<title>Personas sin Hogar y Servicios de Vivienda - Catholic Charities Dallas<\/title>\n<meta name=\"description\" content=\"Caridades Catolicas de Dallas ofrece servicios de vivienda y apoyo integral para personas sin hogar. Conozca nuestros programas de asistencia y refugio hoy mismo.\" \/>\n<meta name=\"robots\" content=\"index, follow, max-snippet:-1, max-image-preview:large, max-video-preview:-1\" \/>\n<link rel=\"canonical\" href=\"https:\/\/www.ccdallas.org\/es\/personas-sin-hogar-y-servicios-de-vivienda\/\" \/>\n<meta property=\"og:locale\" content=\"es_ES\" \/>\n<meta property=\"og:type\" content=\"article\" \/>\n<meta property=\"og:title\" content=\"Personas sin Hogar y Servicios de Vivienda - Catholic Charities Dallas\" \/>\n<meta property=\"og:description\" content=\"Caridades Catolicas de Dallas ofrece servicios de vivienda y apoyo integral para personas sin hogar. Conozca nuestros programas de asistencia y refugio hoy mismo.\" \/>\n<meta property=\"og:url\" content=\"https:\/\/www.ccdallas.org\/es\/personas-sin-hogar-y-servicios-de-vivienda\/\" \/>\n<meta property=\"og:site_name\" content=\"Catholic Charities Dallas\" \/>\n<meta property=\"article:publisher\" content=\"https:\/\/www.facebook.com\/catholiccharitiesdallas\" \/>\n<meta name=\"twitter:card\" content=\"summary_large_image\" \/>\n<meta name=\"twitter:site\" content=\"@CCofDallas\" \/>\n<script type=\"application\/ld+json\" class=\"yoast-schema-graph\">{\"@context\":\"https:\\\/\\\/schema.org\",\"@graph\":[{\"@type\":\"WebPage\",\"@id\":\"https:\\\/\\\/www.ccdallas.org\\\/es\\\/personas-sin-hogar-y-servicios-de-vivienda\\\/\",\"url\":\"https:\\\/\\\/www.ccdallas.org\\\/es\\\/personas-sin-hogar-y-servicios-de-vivienda\\\/\",\"name\":\"Personas sin Hogar y Servicios de Vivienda - Catholic Charities Dallas\",\"isPartOf\":{\"@id\":\"https:\\\/\\\/www.ccdallas.org\\\/es\\\/#website\"},\"datePublished\":\"2026-04-28T13:22:04+00:00\",\"description\":\"Caridades Catolicas de Dallas ofrece servicios de vivienda y apoyo integral para personas sin hogar. Conozca nuestros programas de asistencia y refugio hoy mismo.\",\"breadcrumb\":{\"@id\":\"https:\\\/\\\/www.ccdallas.org\\\/es\\\/personas-sin-hogar-y-servicios-de-vivienda\\\/#breadcrumb\"},\"inLanguage\":\"es\",\"potentialAction\":[{\"@type\":\"ReadAction\",\"target\":[\"https:\\\/\\\/www.ccdallas.org\\\/es\\\/personas-sin-hogar-y-servicios-de-vivienda\\\/\"]}]},{\"@type\":\"BreadcrumbList\",\"@id\":\"https:\\\/\\\/www.ccdallas.org\\\/es\\\/personas-sin-hogar-y-servicios-de-vivienda\\\/#breadcrumb\",\"itemListElement\":[{\"@type\":\"ListItem\",\"position\":1,\"name\":\"Home\",\"item\":\"https:\\\/\\\/www.ccdallas.org\\\/es\\\/\"},{\"@type\":\"ListItem\",\"position\":2,\"name\":\"Personas sin Hogar y Servicios de Vivienda\"}]},{\"@type\":\"WebSite\",\"@id\":\"https:\\\/\\\/www.ccdallas.org\\\/es\\\/#website\",\"url\":\"https:\\\/\\\/www.ccdallas.org\\\/es\\\/\",\"name\":\"Catholic Charities Dallas\",\"description\":\"The Right Call For All in Need\",\"publisher\":{\"@id\":\"https:\\\/\\\/www.ccdallas.org\\\/es\\\/#organization\"},\"potentialAction\":[{\"@type\":\"SearchAction\",\"target\":{\"@type\":\"EntryPoint\",\"urlTemplate\":\"https:\\\/\\\/www.ccdallas.org\\\/es\\\/?s={search_term_string}\"},\"query-input\":{\"@type\":\"PropertyValueSpecification\",\"valueRequired\":true,\"valueName\":\"search_term_string\"}}],\"inLanguage\":\"es\"},{\"@type\":\"Organization\",\"@id\":\"https:\\\/\\\/www.ccdallas.org\\\/es\\\/#organization\",\"name\":\"Catholic Charities Dallas\",\"url\":\"https:\\\/\\\/www.ccdallas.org\\\/es\\\/\",\"logo\":{\"@type\":\"ImageObject\",\"inLanguage\":\"es\",\"@id\":\"https:\\\/\\\/www.ccdallas.org\\\/es\\\/#\\\/schema\\\/logo\\\/image\\\/\",\"url\":\"https:\\\/\\\/www.ccdallas.org\\\/wp-content\\\/uploads\\\/2026\\\/03\\\/ccd-logo-2026.png\",\"contentUrl\":\"https:\\\/\\\/www.ccdallas.org\\\/wp-content\\\/uploads\\\/2026\\\/03\\\/ccd-logo-2026.png\",\"width\":1292,\"height\":850,\"caption\":\"Catholic Charities Dallas\"},\"image\":{\"@id\":\"https:\\\/\\\/www.ccdallas.org\\\/es\\\/#\\\/schema\\\/logo\\\/image\\\/\"},\"sameAs\":[\"https:\\\/\\\/www.facebook.com\\\/catholiccharitiesdallas\",\"https:\\\/\\\/x.com\\\/CCofDallas\",\"https:\\\/\\\/www.instagram.com\\\/catholiccharitiesdallas\",\"https:\\\/\\\/www.linkedin.com\\\/company\\\/catholic-charities-of-dallas-inc-\\\/\"]}]}<\/script>\n<!-- \/ Yoast SEO plugin. -->","yoast_head_json":{"title":"Personas sin Hogar y Servicios de Vivienda - Catholic Charities Dallas","description":"Caridades Catolicas de Dallas ofrece servicios de vivienda y apoyo integral para personas sin hogar. Conozca nuestros programas de asistencia y refugio hoy mismo.","robots":{"index":"index","follow":"follow","max-snippet":"max-snippet:-1","max-image-preview":"max-image-preview:large","max-video-preview":"max-video-preview:-1"},"canonical":"https:\/\/www.ccdallas.org\/es\/personas-sin-hogar-y-servicios-de-vivienda\/","og_locale":"es_ES","og_type":"article","og_title":"Personas sin Hogar y Servicios de Vivienda - Catholic Charities Dallas","og_description":"Caridades Catolicas de Dallas ofrece servicios de vivienda y apoyo integral para personas sin hogar. Conozca nuestros programas de asistencia y refugio hoy mismo.","og_url":"https:\/\/www.ccdallas.org\/es\/personas-sin-hogar-y-servicios-de-vivienda\/","og_site_name":"Catholic Charities Dallas","article_publisher":"https:\/\/www.facebook.com\/catholiccharitiesdallas","twitter_card":"summary_large_image","twitter_site":"@CCofDallas","schema":{"@context":"https:\/\/schema.org","@graph":[{"@type":"WebPage","@id":"https:\/\/www.ccdallas.org\/es\/personas-sin-hogar-y-servicios-de-vivienda\/","url":"https:\/\/www.ccdallas.org\/es\/personas-sin-hogar-y-servicios-de-vivienda\/","name":"Personas sin Hogar y Servicios de Vivienda - Catholic Charities Dallas","isPartOf":{"@id":"https:\/\/www.ccdallas.org\/es\/#website"},"datePublished":"2026-04-28T13:22:04+00:00","description":"Caridades Catolicas de Dallas ofrece servicios de vivienda y apoyo integral para personas sin hogar. Conozca nuestros programas de asistencia y refugio hoy mismo.","breadcrumb":{"@id":"https:\/\/www.ccdallas.org\/es\/personas-sin-hogar-y-servicios-de-vivienda\/#breadcrumb"},"inLanguage":"es","potentialAction":[{"@type":"ReadAction","target":["https:\/\/www.ccdallas.org\/es\/personas-sin-hogar-y-servicios-de-vivienda\/"]}]},{"@type":"BreadcrumbList","@id":"https:\/\/www.ccdallas.org\/es\/personas-sin-hogar-y-servicios-de-vivienda\/#breadcrumb","itemListElement":[{"@type":"ListItem","position":1,"name":"Home","item":"https:\/\/www.ccdallas.org\/es\/"},{"@type":"ListItem","position":2,"name":"Personas sin Hogar y Servicios de Vivienda"}]},{"@type":"WebSite","@id":"https:\/\/www.ccdallas.org\/es\/#website","url":"https:\/\/www.ccdallas.org\/es\/","name":"Catholic Charities Dallas","description":"The Right Call For All in Need","publisher":{"@id":"https:\/\/www.ccdallas.org\/es\/#organization"},"potentialAction":[{"@type":"SearchAction","target":{"@type":"EntryPoint","urlTemplate":"https:\/\/www.ccdallas.org\/es\/?s={search_term_string}"},"query-input":{"@type":"PropertyValueSpecification","valueRequired":true,"valueName":"search_term_string"}}],"inLanguage":"es"},{"@type":"Organization","@id":"https:\/\/www.ccdallas.org\/es\/#organization","name":"Catholic Charities Dallas","url":"https:\/\/www.ccdallas.org\/es\/","logo":{"@type":"ImageObject","inLanguage":"es","@id":"https:\/\/www.ccdallas.org\/es\/#\/schema\/logo\/image\/","url":"https:\/\/www.ccdallas.org\/wp-content\/uploads\/2026\/03\/ccd-logo-2026.png","contentUrl":"https:\/\/www.ccdallas.org\/wp-content\/uploads\/2026\/03\/ccd-logo-2026.png","width":1292,"height":850,"caption":"Catholic Charities Dallas"},"image":{"@id":"https:\/\/www.ccdallas.org\/es\/#\/schema\/logo\/image\/"},"sameAs":["https:\/\/www.facebook.com\/catholiccharitiesdallas","https:\/\/x.com\/CCofDallas","https:\/\/www.instagram.com\/catholiccharitiesdallas","https:\/\/www.linkedin.com\/company\/catholic-charities-of-dallas-inc-\/"]}]}},"ticketed":false,"_links":{"self":[{"href":"https:\/\/www.ccdallas.org\/es\/wp-json\/wp\/v2\/pages\/67444","targetHints":{"allow":["GET"]}}],"collection":[{"href":"https:\/\/www.ccdallas.org\/es\/wp-json\/wp\/v2\/pages"}],"about":[{"href":"https:\/\/www.ccdallas.org\/es\/wp-json\/wp\/v2\/types\/page"}],"author":[{"embeddable":true,"href":"https:\/\/www.ccdallas.org\/es\/wp-json\/wp\/v2\/users\/903"}],"replies":[{"embeddable":true,"href":"https:\/\/www.ccdallas.org\/es\/wp-json\/wp\/v2\/comments?post=67444"}],"version-history":[{"count":4,"href":"https:\/\/www.ccdallas.org\/es\/wp-json\/wp\/v2\/pages\/67444\/revisions"}],"predecessor-version":[{"id":69009,"href":"https:\/\/www.ccdallas.org\/es\/wp-json\/wp\/v2\/pages\/67444\/revisions\/69009"}],"wp:attachment":[{"href":"https:\/\/www.ccdallas.org\/es\/wp-json\/wp\/v2\/media?parent=67444"}],"wp:term":[{"taxonomy":"locations","embeddable":true,"href":"https:\/\/www.ccdallas.org\/es\/wp-json\/wp\/v2\/locations?post=67444"}],"curies":[{"name":"wp","href":"https:\/\/api.w.org\/{rel}","templated":true}]}}