{"id":67465,"date":"2026-04-17T08:35:29","date_gmt":"2026-04-17T13:35:29","guid":{"rendered":"https:\/\/www.ccdallas.org\/?page_id=67465"},"modified":"2026-04-17T11:46:50","modified_gmt":"2026-04-17T16:46:50","slug":"personas-sin-hogar-y-vivienda-drtrr","status":"publish","type":"page","link":"https:\/\/www.ccdallas.org\/es\/personas-sin-hogar-y-vivienda-drtrr\/","title":{"rendered":"Personas sin Hogar y Vivienda &#8211; DRTRR"},"content":{"rendered":"<p><div class=\"fusion-fullwidth fullwidth-box fusion-builder-row-1 fusion-flex-container has-pattern-background has-mask-background fusion-parallax-none nonhundred-percent-fullwidth non-hundred-percent-height-scrolling lazyload\" style=\"--awb-background-blend-mode:multiply;--awb-border-radius-top-left:0px;--awb-border-radius-top-right:0px;--awb-border-radius-bottom-right:0px;--awb-border-radius-bottom-left:0px;--awb-padding-top:148px;--awb-padding-bottom:133px;--awb-margin-bottom:52px;--awb-background-color:rgba(0,0,0,0.32);--awb-background-size:cover;--awb-flex-wrap:wrap;\" data-bg=\"https:\/\/www.ccdallas.org\/wp-content\/uploads\/2026\/02\/IMG_2463-edit-scaled.jpg\" ><div class=\"fusion-builder-row fusion-row fusion-flex-align-items-center fusion-flex-justify-content-center fusion-flex-content-wrap\" style=\"max-width:1248px;margin-left: calc(-4% \/ 2 );margin-right: calc(-4% \/ 2 );\"><div class=\"fusion-layout-column fusion_builder_column fusion-builder-column-0 fusion_builder_column_3_4 3_4 fusion-flex-column\" style=\"--awb-bg-size:cover;--awb-width-large:75%;--awb-margin-top-large:0px;--awb-spacing-right-large:2.56%;--awb-margin-bottom-large:20px;--awb-spacing-left-large:2.56%;--awb-width-medium:100%;--awb-order-medium:0;--awb-spacing-right-medium:1.92%;--awb-spacing-left-medium:1.92%;--awb-width-small:100%;--awb-order-small:0;--awb-spacing-right-small:1.92%;--awb-spacing-left-small:1.92%;\"><div class=\"fusion-column-wrapper fusion-column-has-shadow fusion-flex-justify-content-flex-start fusion-content-layout-column\"><div class=\"fusion-title title fusion-title-1 fusion-sep-none fusion-title-center fusion-title-text fusion-title-size-one\" style=\"--awb-text-color:#ffffff;--awb-margin-bottom:3%;--awb-margin-top-small:10px;--awb-margin-right-small:0px;--awb-margin-bottom-small:10px;--awb-margin-left-small:0px;--awb-font-size:36px;\"><h1 class=\"fusion-title-heading title-heading-center fusion-responsive-typography-calculated\" style=\"margin:0;font-size:1em;--fontSize:36;line-height:1.2;\">Personas sin Hogar y Vivienda \u2013<\/p>\n<p>Dallas Real-Time Rapid Rehousing<\/p><\/h1><\/div><\/div><\/div><\/div><\/div><div class=\"fusion-fullwidth fullwidth-box fusion-builder-row-2 fusion-flex-container has-pattern-background has-mask-background nonhundred-percent-fullwidth non-hundred-percent-height-scrolling\" style=\"--awb-border-radius-top-left:0px;--awb-border-radius-top-right:0px;--awb-border-radius-bottom-right:0px;--awb-border-radius-bottom-left:0px;--awb-flex-wrap:wrap;\" ><div class=\"fusion-builder-row fusion-row fusion-flex-align-items-flex-start fusion-flex-content-wrap\" style=\"max-width:1248px;margin-left: calc(-4% \/ 2 );margin-right: calc(-4% \/ 2 );\"><div class=\"fusion-layout-column fusion_builder_column fusion-builder-column-1 fusion_builder_column_1_2 1_2 fusion-flex-column\" style=\"--awb-bg-size:cover;--awb-width-large:50%;--awb-margin-top-large:0px;--awb-spacing-right-large:3.84%;--awb-margin-bottom-large:20px;--awb-spacing-left-large:3.84%;--awb-width-medium:100%;--awb-order-medium:0;--awb-spacing-right-medium:1.92%;--awb-spacing-left-medium:1.92%;--awb-width-small:100%;--awb-order-small:0;--awb-spacing-right-small:1.92%;--awb-spacing-left-small:1.92%;\"><div class=\"fusion-column-wrapper fusion-column-has-shadow fusion-flex-justify-content-flex-start fusion-content-layout-column\"><div class=\"fusion-title title fusion-title-2 fusion-sep-none fusion-title-text fusion-title-size-three fusion-animated\" style=\"--awb-margin-top-small:10px;--awb-margin-right-small:0px;--awb-margin-bottom-small:10px;--awb-margin-left-small:0px;--awb-font-size:2em;\" data-animationType=\"fadeInUp\" data-animationDuration=\"1.0\" data-animationOffset=\"top-into-view\"><h3 class=\"fusion-title-heading title-heading-left fusion-responsive-typography-calculated\" style=\"margin:0;font-size:1em;--fontSize:36;line-height:1.3;\"><div style=\"text-align: left;\">Reubicaci\u00f3n R\u00e1pida (Rapid Rehousing)<\/div><\/h3><\/div><div class=\"fusion-text fusion-text-1 fusion-animated\" data-animationType=\"fadeInUp\" data-animationDuration=\"1.0\" data-animationOffset=\"top-into-view\"><p>Programa de asistencia de alquiler a mediano plazo y servicios de apoyo que ayuda a reubicar r\u00e1pidamente y estabilizar a hogares que experimentan la falta de vivienda en viviendas permanentes. Este programa permite que las personas recuperen estabilidad de manera \u00e1gil dentro de un entorno de vivienda permanente.<\/p>\n<p>El manejo de casos incluye, entre otros, los siguientes servicios:<\/p>\n<ul>\n<li>\n<p style=\"background-color: rgba(0, 0, 0, 0); display: inline !important;\">B\u00fasqueda de vivienda y negociaciones o mediaciones con propietarios<\/p>\n<\/li>\n<li>Planificaci\u00f3n de estabilizaci\u00f3n de vivienda con la participaci\u00f3n del cliente<\/li>\n<li>Asistencia para el empleo y administraci\u00f3n financiera<\/li>\n<li>Conexi\u00f3n con recursos convencionales y otros servicios<\/li>\n<li>Apoyo para solicitar beneficios p\u00fablicos u otras opciones de vivienda<\/li>\n<\/ul>\n<\/div><\/div><\/div><div class=\"fusion-layout-column fusion_builder_column fusion-builder-column-2 fusion_builder_column_1_2 1_2 fusion-flex-column\" style=\"--awb-bg-size:cover;--awb-width-large:50%;--awb-margin-top-large:0px;--awb-spacing-right-large:3.84%;--awb-margin-bottom-large:20px;--awb-spacing-left-large:3.84%;--awb-width-medium:100%;--awb-order-medium:0;--awb-spacing-right-medium:1.92%;--awb-spacing-left-medium:1.92%;--awb-width-small:100%;--awb-order-small:0;--awb-spacing-right-small:1.92%;--awb-spacing-left-small:1.92%;\"><div class=\"fusion-column-wrapper fusion-column-has-shadow fusion-flex-justify-content-flex-start fusion-content-layout-column\"><div class=\"fusion-title title fusion-title-3 fusion-sep-none fusion-title-text fusion-title-size-three fusion-animated\" style=\"--awb-margin-top-small:10px;--awb-margin-right-small:0px;--awb-margin-bottom-small:10px;--awb-margin-left-small:0px;\" data-animationType=\"fadeInUp\" data-animationDuration=\"1.0\" data-animationOffset=\"top-into-view\"><h3 class=\"fusion-title-heading title-heading-left fusion-responsive-typography-calculated\" style=\"margin:0;--fontSize:32;line-height:1.3;\"><div style=\"text-align: left;\">\n<p>Desv\u00edo de la Falta de Vivienda<\/p>\n<\/div><\/h3><\/div><div class=\"fusion-text fusion-text-2 fusion-animated\" data-animationType=\"fadeInUp\" data-animationDuration=\"1.0\" data-animationOffset=\"top-into-view\"><p>El desv\u00edo de la falta de vivienda ayuda a personas que experimentan la falta de vivienda a encontrar opciones de vivienda seguras y estables fuera de los albergues. Se enfoca en situaciones breves de falta de vivienda no resguardada y conecta a los clientes con servicios o asistencia financiera para regresar a una vivienda permanente.<\/p>\n<p>A diferencia de la prevenci\u00f3n, que apoya a personas que a\u00fan cuentan con vivienda pero est\u00e1n en riesgo, el desv\u00edo respalda a personas en situaciones de vivienda transitoria que necesitan asistencia financiera temporal para asegurar una soluci\u00f3n de vivienda permanente. Los solicitantes cuyas solicitudes sean aceptadas recibir\u00e1n asistencia financiera limitada y deber\u00e1n comprometerse a participar en tres meses de manejo de casos.<\/p>\n<p>Por favor, complete este formulario para verificar si califica para recibir servicios.<\/p>\n<\/div><\/div><\/div><\/div><\/div><div class=\"fusion-fullwidth fullwidth-box fusion-builder-row-3 fusion-flex-container has-pattern-background has-mask-background nonhundred-percent-fullwidth non-hundred-percent-height-scrolling\" style=\"--awb-border-radius-top-left:0px;--awb-border-radius-top-right:0px;--awb-border-radius-bottom-right:0px;--awb-border-radius-bottom-left:0px;--awb-padding-bottom:0px;--awb-margin-top:14px;--awb-margin-bottom:0px;--awb-flex-wrap:wrap;\" ><div class=\"fusion-builder-row fusion-row fusion-flex-align-items-flex-start fusion-flex-content-wrap\" style=\"max-width:1248px;margin-left: calc(-4% \/ 2 );margin-right: calc(-4% \/ 2 );\"><div class=\"fusion-layout-column fusion_builder_column fusion-builder-column-3 fusion_builder_column_1_1 1_1 fusion-flex-column\" style=\"--awb-bg-size:cover;--awb-width-large:100%;--awb-margin-top-large:28px;--awb-spacing-right-large:1.92%;--awb-margin-bottom-large:20px;--awb-spacing-left-large:1.92%;--awb-width-medium:100%;--awb-order-medium:0;--awb-spacing-right-medium:1.92%;--awb-spacing-left-medium:1.92%;--awb-width-small:100%;--awb-order-small:0;--awb-spacing-right-small:1.92%;--awb-spacing-left-small:1.92%;\"><div class=\"fusion-column-wrapper fusion-column-has-shadow fusion-flex-justify-content-flex-start fusion-content-layout-column\"><div class=\"fusion-separator fusion-full-width-sep\" style=\"align-self: center;margin-left: auto;margin-right: auto;margin-bottom:50px;width:100%;\"><div class=\"fusion-separator-border sep-single sep-solid\" style=\"--awb-height:20px;--awb-amount:20px;border-color:#e2e2e2;border-top-width:1px;\"><\/div><\/div><div class=\"fusion-title title fusion-title-4 fusion-sep-none fusion-title-text fusion-title-size-three\" style=\"--awb-margin-top-small:10px;--awb-margin-right-small:0px;--awb-margin-bottom-small:10px;--awb-margin-left-small:0px;\"><h3 class=\"fusion-title-heading title-heading-left fusion-responsive-typography-calculated\" style=\"margin:0;--fontSize:32;line-height:1.3;\"><span style=\"font-size: 1em; background-color: rgba(0, 0, 0, 0);\">Elegibilidad<\/span><\/h3><\/div><div class=\"fusion-text fusion-text-3\"><p>Catholic Charities Dallas depende del Sistema de Acceso Coordinado, administrado por Housing Forward, para garantizar que las personas m\u00e1s vulnerables y desfavorecidas sean evaluadas y seleccionadas. Nuestros programas no aceptan referencias externas, llamadas solicitando residencia ni visitas sin cita previa.<\/p>\n<p>Los Centros St. Jude \u00fanicamente aceptan referencias directas de agencias de servicios sociales o de Housing Forward. El cliente debe estar trabajando con una agencia de servicios sociales, estar documentado como persona sin hogar en la lista de prioridad de vivienda de Housing Forward y aprobar una verificaci\u00f3n de antecedentes antes de ser aceptado como residente en cualquiera de los Centros St. Jude. Adem\u00e1s, la agencia que realiza la referencia debe proporcionar manejo de casos y asegurar el subsidio (a trav\u00e9s de subvenciones o vales) para cada residente referido a St. Jude.<\/p>\n<\/div><div style=\"text-align:center;\"><a class=\"fusion-button button-flat fusion-button-default-size button-orange fusion-button-orange button-1 fusion-button-default-span fusion-button-default-type\" target=\"_self\" href=\"https:\/\/www.ccdallas.org\/es\/personas-sin-hogar-y-vivienda-drtrr\/\"><span class=\"fusion-button-text awb-button__text awb-button__text--default\">Volver a la P\u00e1gina Principal<\/span><\/a><\/div><\/div><\/div><\/div><\/div><\/p>\n","protected":false},"excerpt":{"rendered":"","protected":false},"author":903,"featured_media":0,"parent":0,"menu_order":0,"comment_status":"closed","ping_status":"closed","template":"100-width.php","meta":{"_acf_changed":false,"content-type":"","_price":"","_stock":"","_tribe_ticket_header":"","_tribe_default_ticket_provider":"","_tribe_ticket_capacity":"0","_ticket_start_date":"","_ticket_end_date":"","_tribe_ticket_show_description":"","_tribe_ticket_show_not_going":false,"_tribe_ticket_use_global_stock":"","_tribe_ticket_global_stock_level":"","_global_stock_mode":"","_global_stock_cap":"","_tribe_rsvp_for_event":"","_tribe_ticket_going_count":"","_tribe_ticket_not_going_count":"","_tribe_tickets_list":"[]","_tribe_ticket_has_attendee_info_fields":false,"footnotes":"","_tec_slr_enabled":"","_tec_slr_layout":""},"locations":[],"class_list":["post-67465","page","type-page","status-publish","hentry"],"acf":[],"yoast_head":"<!-- This site is optimized with the Yoast SEO plugin v27.4 - https:\/\/yoast.com\/product\/yoast-seo-wordpress\/ -->\n<title>Personas sin Hogar y Vivienda - DRTRR - Catholic Charities Dallas<\/title>\n<meta name=\"description\" content=\"\u00bfBuscas ayuda con vivienda en Dallas? El programa DRTRR de Catholic Charities ofrece apoyo en la b\u00fasqueda de hogar, mediaci\u00f3n con propietarios y estabilidad a largo plazo.\" \/>\n<meta name=\"robots\" content=\"index, follow, max-snippet:-1, max-image-preview:large, max-video-preview:-1\" \/>\n<link rel=\"canonical\" href=\"https:\/\/www.ccdallas.org\/es\/personas-sin-hogar-y-vivienda-drtrr\/\" \/>\n<meta property=\"og:locale\" content=\"es_ES\" \/>\n<meta property=\"og:type\" content=\"article\" \/>\n<meta property=\"og:title\" content=\"Personas sin Hogar y Vivienda - DRTRR - Catholic Charities Dallas\" \/>\n<meta property=\"og:description\" content=\"\u00bfBuscas ayuda con vivienda en Dallas? El programa DRTRR de Catholic Charities ofrece apoyo en la b\u00fasqueda de hogar, mediaci\u00f3n con propietarios y estabilidad a largo plazo.\" \/>\n<meta property=\"og:url\" content=\"https:\/\/www.ccdallas.org\/es\/personas-sin-hogar-y-vivienda-drtrr\/\" \/>\n<meta property=\"og:site_name\" content=\"Catholic Charities Dallas\" \/>\n<meta property=\"article:publisher\" content=\"https:\/\/www.facebook.com\/catholiccharitiesdallas\" \/>\n<meta property=\"article:modified_time\" content=\"2026-04-17T16:46:50+00:00\" \/>\n<meta name=\"twitter:card\" content=\"summary_large_image\" \/>\n<meta name=\"twitter:site\" content=\"@CCofDallas\" \/>\n<script type=\"application\/ld+json\" class=\"yoast-schema-graph\">{\"@context\":\"https:\\\/\\\/schema.org\",\"@graph\":[{\"@type\":\"WebPage\",\"@id\":\"https:\\\/\\\/www.ccdallas.org\\\/es\\\/personas-sin-hogar-y-vivienda-drtrr\\\/\",\"url\":\"https:\\\/\\\/www.ccdallas.org\\\/es\\\/personas-sin-hogar-y-vivienda-drtrr\\\/\",\"name\":\"Personas sin Hogar y Vivienda - DRTRR - Catholic Charities Dallas\",\"isPartOf\":{\"@id\":\"https:\\\/\\\/www.ccdallas.org\\\/es\\\/#website\"},\"datePublished\":\"2026-04-17T13:35:29+00:00\",\"dateModified\":\"2026-04-17T16:46:50+00:00\",\"description\":\"\u00bfBuscas ayuda con vivienda en Dallas? El programa DRTRR de Catholic Charities ofrece apoyo en la b\u00fasqueda de hogar, mediaci\u00f3n con propietarios y estabilidad a largo plazo.\",\"breadcrumb\":{\"@id\":\"https:\\\/\\\/www.ccdallas.org\\\/es\\\/personas-sin-hogar-y-vivienda-drtrr\\\/#breadcrumb\"},\"inLanguage\":\"es\",\"potentialAction\":[{\"@type\":\"ReadAction\",\"target\":[\"https:\\\/\\\/www.ccdallas.org\\\/es\\\/personas-sin-hogar-y-vivienda-drtrr\\\/\"]}]},{\"@type\":\"BreadcrumbList\",\"@id\":\"https:\\\/\\\/www.ccdallas.org\\\/es\\\/personas-sin-hogar-y-vivienda-drtrr\\\/#breadcrumb\",\"itemListElement\":[{\"@type\":\"ListItem\",\"position\":1,\"name\":\"Home\",\"item\":\"https:\\\/\\\/www.ccdallas.org\\\/es\\\/\"},{\"@type\":\"ListItem\",\"position\":2,\"name\":\"Personas sin Hogar y Vivienda &#8211; DRTRR\"}]},{\"@type\":\"WebSite\",\"@id\":\"https:\\\/\\\/www.ccdallas.org\\\/es\\\/#website\",\"url\":\"https:\\\/\\\/www.ccdallas.org\\\/es\\\/\",\"name\":\"Catholic Charities Dallas\",\"description\":\"The Right Call For All in Need\",\"publisher\":{\"@id\":\"https:\\\/\\\/www.ccdallas.org\\\/es\\\/#organization\"},\"potentialAction\":[{\"@type\":\"SearchAction\",\"target\":{\"@type\":\"EntryPoint\",\"urlTemplate\":\"https:\\\/\\\/www.ccdallas.org\\\/es\\\/?s={search_term_string}\"},\"query-input\":{\"@type\":\"PropertyValueSpecification\",\"valueRequired\":true,\"valueName\":\"search_term_string\"}}],\"inLanguage\":\"es\"},{\"@type\":\"Organization\",\"@id\":\"https:\\\/\\\/www.ccdallas.org\\\/es\\\/#organization\",\"name\":\"Catholic Charities Dallas\",\"url\":\"https:\\\/\\\/www.ccdallas.org\\\/es\\\/\",\"logo\":{\"@type\":\"ImageObject\",\"inLanguage\":\"es\",\"@id\":\"https:\\\/\\\/www.ccdallas.org\\\/es\\\/#\\\/schema\\\/logo\\\/image\\\/\",\"url\":\"https:\\\/\\\/www.ccdallas.org\\\/wp-content\\\/uploads\\\/2026\\\/03\\\/ccd-logo-2026.png\",\"contentUrl\":\"https:\\\/\\\/www.ccdallas.org\\\/wp-content\\\/uploads\\\/2026\\\/03\\\/ccd-logo-2026.png\",\"width\":1292,\"height\":850,\"caption\":\"Catholic Charities Dallas\"},\"image\":{\"@id\":\"https:\\\/\\\/www.ccdallas.org\\\/es\\\/#\\\/schema\\\/logo\\\/image\\\/\"},\"sameAs\":[\"https:\\\/\\\/www.facebook.com\\\/catholiccharitiesdallas\",\"https:\\\/\\\/x.com\\\/CCofDallas\",\"https:\\\/\\\/www.instagram.com\\\/catholiccharitiesdallas\",\"https:\\\/\\\/www.linkedin.com\\\/company\\\/catholic-charities-of-dallas-inc-\\\/\"]}]}<\/script>\n<!-- \/ Yoast SEO plugin. -->","yoast_head_json":{"title":"Personas sin Hogar y Vivienda - DRTRR - Catholic Charities Dallas","description":"\u00bfBuscas ayuda con vivienda en Dallas? El programa DRTRR de Catholic Charities ofrece apoyo en la b\u00fasqueda de hogar, mediaci\u00f3n con propietarios y estabilidad a largo plazo.","robots":{"index":"index","follow":"follow","max-snippet":"max-snippet:-1","max-image-preview":"max-image-preview:large","max-video-preview":"max-video-preview:-1"},"canonical":"https:\/\/www.ccdallas.org\/es\/personas-sin-hogar-y-vivienda-drtrr\/","og_locale":"es_ES","og_type":"article","og_title":"Personas sin Hogar y Vivienda - DRTRR - Catholic Charities Dallas","og_description":"\u00bfBuscas ayuda con vivienda en Dallas? El programa DRTRR de Catholic Charities ofrece apoyo en la b\u00fasqueda de hogar, mediaci\u00f3n con propietarios y estabilidad a largo plazo.","og_url":"https:\/\/www.ccdallas.org\/es\/personas-sin-hogar-y-vivienda-drtrr\/","og_site_name":"Catholic Charities Dallas","article_publisher":"https:\/\/www.facebook.com\/catholiccharitiesdallas","article_modified_time":"2026-04-17T16:46:50+00:00","twitter_card":"summary_large_image","twitter_site":"@CCofDallas","schema":{"@context":"https:\/\/schema.org","@graph":[{"@type":"WebPage","@id":"https:\/\/www.ccdallas.org\/es\/personas-sin-hogar-y-vivienda-drtrr\/","url":"https:\/\/www.ccdallas.org\/es\/personas-sin-hogar-y-vivienda-drtrr\/","name":"Personas sin Hogar y Vivienda - DRTRR - Catholic Charities Dallas","isPartOf":{"@id":"https:\/\/www.ccdallas.org\/es\/#website"},"datePublished":"2026-04-17T13:35:29+00:00","dateModified":"2026-04-17T16:46:50+00:00","description":"\u00bfBuscas ayuda con vivienda en Dallas? El programa DRTRR de Catholic Charities ofrece apoyo en la b\u00fasqueda de hogar, mediaci\u00f3n con propietarios y estabilidad a largo plazo.","breadcrumb":{"@id":"https:\/\/www.ccdallas.org\/es\/personas-sin-hogar-y-vivienda-drtrr\/#breadcrumb"},"inLanguage":"es","potentialAction":[{"@type":"ReadAction","target":["https:\/\/www.ccdallas.org\/es\/personas-sin-hogar-y-vivienda-drtrr\/"]}]},{"@type":"BreadcrumbList","@id":"https:\/\/www.ccdallas.org\/es\/personas-sin-hogar-y-vivienda-drtrr\/#breadcrumb","itemListElement":[{"@type":"ListItem","position":1,"name":"Home","item":"https:\/\/www.ccdallas.org\/es\/"},{"@type":"ListItem","position":2,"name":"Personas sin Hogar y Vivienda &#8211; DRTRR"}]},{"@type":"WebSite","@id":"https:\/\/www.ccdallas.org\/es\/#website","url":"https:\/\/www.ccdallas.org\/es\/","name":"Catholic Charities Dallas","description":"The Right Call For All in Need","publisher":{"@id":"https:\/\/www.ccdallas.org\/es\/#organization"},"potentialAction":[{"@type":"SearchAction","target":{"@type":"EntryPoint","urlTemplate":"https:\/\/www.ccdallas.org\/es\/?s={search_term_string}"},"query-input":{"@type":"PropertyValueSpecification","valueRequired":true,"valueName":"search_term_string"}}],"inLanguage":"es"},{"@type":"Organization","@id":"https:\/\/www.ccdallas.org\/es\/#organization","name":"Catholic Charities Dallas","url":"https:\/\/www.ccdallas.org\/es\/","logo":{"@type":"ImageObject","inLanguage":"es","@id":"https:\/\/www.ccdallas.org\/es\/#\/schema\/logo\/image\/","url":"https:\/\/www.ccdallas.org\/wp-content\/uploads\/2026\/03\/ccd-logo-2026.png","contentUrl":"https:\/\/www.ccdallas.org\/wp-content\/uploads\/2026\/03\/ccd-logo-2026.png","width":1292,"height":850,"caption":"Catholic Charities Dallas"},"image":{"@id":"https:\/\/www.ccdallas.org\/es\/#\/schema\/logo\/image\/"},"sameAs":["https:\/\/www.facebook.com\/catholiccharitiesdallas","https:\/\/x.com\/CCofDallas","https:\/\/www.instagram.com\/catholiccharitiesdallas","https:\/\/www.linkedin.com\/company\/catholic-charities-of-dallas-inc-\/"]}]}},"ticketed":false,"_links":{"self":[{"href":"https:\/\/www.ccdallas.org\/es\/wp-json\/wp\/v2\/pages\/67465","targetHints":{"allow":["GET"]}}],"collection":[{"href":"https:\/\/www.ccdallas.org\/es\/wp-json\/wp\/v2\/pages"}],"about":[{"href":"https:\/\/www.ccdallas.org\/es\/wp-json\/wp\/v2\/types\/page"}],"author":[{"embeddable":true,"href":"https:\/\/www.ccdallas.org\/es\/wp-json\/wp\/v2\/users\/903"}],"replies":[{"embeddable":true,"href":"https:\/\/www.ccdallas.org\/es\/wp-json\/wp\/v2\/comments?post=67465"}],"version-history":[{"count":4,"href":"https:\/\/www.ccdallas.org\/es\/wp-json\/wp\/v2\/pages\/67465\/revisions"}],"predecessor-version":[{"id":67573,"href":"https:\/\/www.ccdallas.org\/es\/wp-json\/wp\/v2\/pages\/67465\/revisions\/67573"}],"wp:attachment":[{"href":"https:\/\/www.ccdallas.org\/es\/wp-json\/wp\/v2\/media?parent=67465"}],"wp:term":[{"taxonomy":"locations","embeddable":true,"href":"https:\/\/www.ccdallas.org\/es\/wp-json\/wp\/v2\/locations?post=67465"}],"curies":[{"name":"wp","href":"https:\/\/api.w.org\/{rel}","templated":true}]}}